{"id":256,"date":"2021-12-30T17:10:00","date_gmt":"2021-12-30T16:10:00","guid":{"rendered":"https:\/\/www.plataformadepacientes.org\/participaccion\/?page_id=256"},"modified":"2021-12-30T17:10:45","modified_gmt":"2021-12-30T16:10:45","slug":"contrasena-olvidada","status":"publish","type":"page","link":"https:\/\/www.plataformadepacientes.org\/participaccion\/contrasena-olvidada\/","title":{"rendered":"Contrase\u00f1a olvidada"},"content":{"rendered":"<p>[et_pb_section fb_built=\u00bb1&#8243; _builder_version=\u00bb4.14.4&#8243; _module_preset=\u00bbdefault\u00bb hover_enabled=\u00bb0&#8243; global_colors_info=\u00bb{%22gcid-63d7d438-689a-4e6f-b549-4228eef778c2%22:%91%22colorStart%22%93,%22gcid-4a68b322-b865-4355-b824-21a3da28f83c%22:%91%22colorEnd%22%93}\u00bb use_background_color_gradient=\u00bbon\u00bb background_color_gradient_start=\u00bbgcid-63d7d438-689a-4e6f-b549-4228eef778c2&#8243; background_color_gradient_end=\u00bbgcid-4a68b322-b865-4355-b824-21a3da28f83c\u00bb background_color_gradient_direction=\u00bb45deg\u00bb sticky_enabled=\u00bb0&#8243; background_color_gradient_end_position=\u00bb60%\u00bb locked=\u00bboff\u00bb theme_builder_area=\u00bbpost_content\u00bb][et_pb_row _builder_version=\u00bb4.14.1&#8243; _module_preset=\u00bbdefault\u00bb global_colors_info=\u00bb{}\u00bb theme_builder_area=\u00bbpost_content\u00bb][et_pb_column type=\u00bb4_4&#8243; _builder_version=\u00bb4.14.1&#8243; _module_preset=\u00bbdefault\u00bb global_colors_info=\u00bb{}\u00bb theme_builder_area=\u00bbpost_content\u00bb][et_pb_text _builder_version=\u00bb4.14.4&#8243; _module_preset=\u00bbdefault\u00bb module_class=\u00bbform-all-width\u00bb hover_enabled=\u00bb0&#8243; sticky_enabled=\u00bb0&#8243; background_layout=\u00bbdark\u00bb link_text_color=\u00bb#FFFFFF\u00bb theme_builder_area=\u00bbpost_content\u00bb]<\/p>\n<h1>\u00bfHas olvidado tu contrase\u00f1a?<\/h1>\n<p><div id=\"password-lost-form\" class=\"widecolumn\">\n    \n    <p>\n        Por favor, introduce tu nombre de usuario o direcci\u00f3n de correo electr\u00f3nico. Recibir\u00e1s un mensaje de correo electr\u00f3nico con instrucciones sobre c\u00f3mo restablecer tu contrase\u00f1a.    <\/p>\n        <form id=\"lostpasswordform\" action=\"https:\/\/www.plataformadepacientes.org\/participaccion\/wp-login.php?action=lostpassword\" method=\"post\">\n        <div class=\"et_pb_row\">\n            <p class=\"form-row col-3\">\n                <span class=\"wpcf7-form-control-wrap user_login\">\n                    <input type=\"text\" class=\"wpcf7-form-control wpcf7-text\" name=\"user_login\" id=\"user_login\" placeholder=\"Email\">\n                <\/span>\n            <\/p>\n\n            <p class=\"lostpassword-submit col-3 wpcf7\">\n                <input type=\"submit\" name=\"submit\" class=\"lostpassword-button button button-primary wpcf7-submit\"\n                       value=\"Obtener una nueva contrase\u00f1a\"\/>\n            <\/p>\n        <\/div>\n    <\/form>\n    <a class=\"login\" href=\"https:\/\/www.plataformadepacientes.org\/participaccion\/wp-login.php\">\n        Volver al inicio de sesi\u00f3n    <\/a>\n<\/div>[\/et_pb_text][\/et_pb_column][\/et_pb_row][\/et_pb_section]<\/p>\n","protected":false},"excerpt":{"rendered":"<p>\u00bfHas olvidado tu contrase\u00f1a? <div id=\"password-lost-form\" class=\"widecolumn\">\n    \n    <p>\n        Por favor, introduce tu nombre de usuario o direcci\u00f3n de correo electr\u00f3nico. Recibir\u00e1s un mensaje de correo electr\u00f3nico con instrucciones sobre c\u00f3mo restablecer tu contrase\u00f1a.    <\/p>\n        <form id=\"lostpasswordform\" action=\"https:\/\/www.plataformadepacientes.org\/participaccion\/wp-login.php?action=lostpassword\" method=\"post\">\n        <div class=\"et_pb_row\">\n            <p class=\"form-row col-3\">\n                <span class=\"wpcf7-form-control-wrap user_login\">\n                    <input type=\"text\" class=\"wpcf7-form-control wpcf7-text\" name=\"user_login\" id=\"user_login\" placeholder=\"Email\">\n                <\/span>\n            <\/p>\n\n            <p class=\"lostpassword-submit col-3 wpcf7\">\n                <input type=\"submit\" name=\"submit\" class=\"lostpassword-button button button-primary wpcf7-submit\"\n                       value=\"Obtener una nueva contrase\u00f1a\"\/>\n            <\/p>\n        <\/div>\n    <\/form>\n    <a class=\"login\" href=\"https:\/\/www.plataformadepacientes.org\/participaccion\/wp-login.php\">\n        Volver al inicio de sesi\u00f3n    <\/a>\n<\/div><\/p>\n","protected":false},"author":1,"featured_media":0,"parent":0,"menu_order":103,"comment_status":"closed","ping_status":"closed","template":"","meta":{"_acf_changed":false,"_et_pb_use_builder":"on","_et_pb_old_content":"","_et_gb_content_width":"","footnotes":""},"class_list":["post-256","page","type-page","status-publish","hentry"],"acf":[],"yoast_head":"<!-- This site is optimized with the Yoast SEO plugin v22.0 - https:\/\/yoast.com\/wordpress\/plugins\/seo\/ -->\n<title>Contrase\u00f1a olvidada - ParticipACCI\u00d3N<\/title>\n<meta name=\"robots\" content=\"index, follow, max-snippet:-1, max-image-preview:large, max-video-preview:-1\" \/>\n<link rel=\"canonical\" href=\"https:\/\/www.plataformadepacientes.org\/participaccion\/contrasena-olvidada\/\" \/>\n<meta property=\"og:locale\" content=\"es_ES\" \/>\n<meta property=\"og:type\" content=\"article\" \/>\n<meta property=\"og:title\" content=\"Contrase\u00f1a olvidada - ParticipACCI\u00d3N\" \/>\n<meta property=\"og:description\" content=\"\u00bfHas olvidado tu contrase\u00f1a?\" \/>\n<meta property=\"og:url\" content=\"https:\/\/www.plataformadepacientes.org\/participaccion\/contrasena-olvidada\/\" \/>\n<meta property=\"og:site_name\" content=\"ParticipACCI\u00d3N\" \/>\n<meta property=\"article:modified_time\" content=\"2021-12-30T16:10:45+00:00\" \/>\n<meta name=\"twitter:card\" content=\"summary_large_image\" \/>\n<script type=\"application\/ld+json\" class=\"yoast-schema-graph\">{\"@context\":\"https:\/\/schema.org\",\"@graph\":[{\"@type\":\"WebPage\",\"@id\":\"https:\/\/www.plataformadepacientes.org\/participaccion\/contrasena-olvidada\/\",\"url\":\"https:\/\/www.plataformadepacientes.org\/participaccion\/contrasena-olvidada\/\",\"name\":\"Contrase\u00f1a olvidada - ParticipACCI\u00d3N\",\"isPartOf\":{\"@id\":\"https:\/\/www.plataformadepacientes.org\/participaccion\/#website\"},\"datePublished\":\"2021-12-30T16:10:00+00:00\",\"dateModified\":\"2021-12-30T16:10:45+00:00\",\"breadcrumb\":{\"@id\":\"https:\/\/www.plataformadepacientes.org\/participaccion\/contrasena-olvidada\/#breadcrumb\"},\"inLanguage\":\"es\",\"potentialAction\":[{\"@type\":\"ReadAction\",\"target\":[\"https:\/\/www.plataformadepacientes.org\/participaccion\/contrasena-olvidada\/\"]}]},{\"@type\":\"BreadcrumbList\",\"@id\":\"https:\/\/www.plataformadepacientes.org\/participaccion\/contrasena-olvidada\/#breadcrumb\",\"itemListElement\":[{\"@type\":\"ListItem\",\"position\":1,\"name\":\"Portada\",\"item\":\"https:\/\/www.plataformadepacientes.org\/participaccion\/\"},{\"@type\":\"ListItem\",\"position\":2,\"name\":\"Contrase\u00f1a olvidada\"}]},{\"@type\":\"WebSite\",\"@id\":\"https:\/\/www.plataformadepacientes.org\/participaccion\/#website\",\"url\":\"https:\/\/www.plataformadepacientes.org\/participaccion\/\",\"name\":\"ParticipACCI\u00d3N\",\"description\":\"Modelo de excelencia\",\"potentialAction\":[{\"@type\":\"SearchAction\",\"target\":{\"@type\":\"EntryPoint\",\"urlTemplate\":\"https:\/\/www.plataformadepacientes.org\/participaccion\/?s={search_term_string}\"},\"query-input\":\"required name=search_term_string\"}],\"inLanguage\":\"es\"}]}<\/script>\n<!-- \/ Yoast SEO plugin. -->","yoast_head_json":{"title":"Contrase\u00f1a olvidada - ParticipACCI\u00d3N","robots":{"index":"index","follow":"follow","max-snippet":"max-snippet:-1","max-image-preview":"max-image-preview:large","max-video-preview":"max-video-preview:-1"},"canonical":"https:\/\/www.plataformadepacientes.org\/participaccion\/contrasena-olvidada\/","og_locale":"es_ES","og_type":"article","og_title":"Contrase\u00f1a olvidada - ParticipACCI\u00d3N","og_description":"\u00bfHas olvidado tu contrase\u00f1a?","og_url":"https:\/\/www.plataformadepacientes.org\/participaccion\/contrasena-olvidada\/","og_site_name":"ParticipACCI\u00d3N","article_modified_time":"2021-12-30T16:10:45+00:00","twitter_card":"summary_large_image","schema":{"@context":"https:\/\/schema.org","@graph":[{"@type":"WebPage","@id":"https:\/\/www.plataformadepacientes.org\/participaccion\/contrasena-olvidada\/","url":"https:\/\/www.plataformadepacientes.org\/participaccion\/contrasena-olvidada\/","name":"Contrase\u00f1a olvidada - ParticipACCI\u00d3N","isPartOf":{"@id":"https:\/\/www.plataformadepacientes.org\/participaccion\/#website"},"datePublished":"2021-12-30T16:10:00+00:00","dateModified":"2021-12-30T16:10:45+00:00","breadcrumb":{"@id":"https:\/\/www.plataformadepacientes.org\/participaccion\/contrasena-olvidada\/#breadcrumb"},"inLanguage":"es","potentialAction":[{"@type":"ReadAction","target":["https:\/\/www.plataformadepacientes.org\/participaccion\/contrasena-olvidada\/"]}]},{"@type":"BreadcrumbList","@id":"https:\/\/www.plataformadepacientes.org\/participaccion\/contrasena-olvidada\/#breadcrumb","itemListElement":[{"@type":"ListItem","position":1,"name":"Portada","item":"https:\/\/www.plataformadepacientes.org\/participaccion\/"},{"@type":"ListItem","position":2,"name":"Contrase\u00f1a olvidada"}]},{"@type":"WebSite","@id":"https:\/\/www.plataformadepacientes.org\/participaccion\/#website","url":"https:\/\/www.plataformadepacientes.org\/participaccion\/","name":"ParticipACCI\u00d3N","description":"Modelo de excelencia","potentialAction":[{"@type":"SearchAction","target":{"@type":"EntryPoint","urlTemplate":"https:\/\/www.plataformadepacientes.org\/participaccion\/?s={search_term_string}"},"query-input":"required name=search_term_string"}],"inLanguage":"es"}]}},"_links":{"self":[{"href":"https:\/\/www.plataformadepacientes.org\/participaccion\/wp-json\/wp\/v2\/pages\/256","targetHints":{"allow":["GET"]}}],"collection":[{"href":"https:\/\/www.plataformadepacientes.org\/participaccion\/wp-json\/wp\/v2\/pages"}],"about":[{"href":"https:\/\/www.plataformadepacientes.org\/participaccion\/wp-json\/wp\/v2\/types\/page"}],"author":[{"embeddable":true,"href":"https:\/\/www.plataformadepacientes.org\/participaccion\/wp-json\/wp\/v2\/users\/1"}],"replies":[{"embeddable":true,"href":"https:\/\/www.plataformadepacientes.org\/participaccion\/wp-json\/wp\/v2\/comments?post=256"}],"version-history":[{"count":2,"href":"https:\/\/www.plataformadepacientes.org\/participaccion\/wp-json\/wp\/v2\/pages\/256\/revisions"}],"predecessor-version":[{"id":258,"href":"https:\/\/www.plataformadepacientes.org\/participaccion\/wp-json\/wp\/v2\/pages\/256\/revisions\/258"}],"wp:attachment":[{"href":"https:\/\/www.plataformadepacientes.org\/participaccion\/wp-json\/wp\/v2\/media?parent=256"}],"curies":[{"name":"wp","href":"https:\/\/api.w.org\/{rel}","templated":true}]}}