{"id":149,"date":"2021-12-21T11:01:31","date_gmt":"2021-12-21T10:01:31","guid":{"rendered":"https:\/\/www.plataformadepacientes.org\/participaccion\/?page_id=149"},"modified":"2024-11-26T11:04:21","modified_gmt":"2024-11-26T10:04:21","slug":"recursos","status":"publish","type":"page","link":"https:\/\/www.plataformadepacientes.org\/participaccion\/recursos\/","title":{"rendered":"Recursos"},"content":{"rendered":"<p>[et_pb_section fb_built=\u00bb1&#8243; _builder_version=\u00bb4.23.1&#8243; _module_preset=\u00bbdefault\u00bb background_image=\u00bbhttps:\/\/www.plataformadepacientes.org\/participaccion\/wp-content\/uploads\/2024\/02\/banner-autoevaluacion.jpg\u00bb locked=\u00bboff\u00bb global_colors_info=\u00bb{}\u00bb][et_pb_row _builder_version=\u00bb4.16&#8243; _module_preset=\u00bbdefault\u00bb global_colors_info=\u00bb{}\u00bb][et_pb_column type=\u00bb4_4&#8243; _builder_version=\u00bb4.16&#8243; _module_preset=\u00bbdefault\u00bb global_colors_info=\u00bb{}\u00bb][et_pb_text _builder_version=\u00bb4.24.0&#8243; _module_preset=\u00bb8bbc276b-53d7-4a59-a81f-838f1805d481&#8243; text_orientation=\u00bbcenter\u00bb global_colors_info=\u00bb{}\u00bb]<\/p>\n<h1>Recursos<\/h1>\n<p>[\/et_pb_text][\/et_pb_column][\/et_pb_row][\/et_pb_section][et_pb_section fb_built=\u00bb1&#8243; make_equal=\u00bbon\u00bb specialty=\u00bbon\u00bb bg_img_1=\u00bbhttps:\/\/www.plataformadepacientes.org\/participaccion\/wp-content\/uploads\/2024\/11\/bocadillo-background.png\u00bb background_size_1=\u00bbcontain\u00bb _builder_version=\u00bb4.24.0&#8243; _module_preset=\u00bbdefault\u00bb global_colors_info=\u00bb{}\u00bb][et_pb_column type=\u00bb1_2&#8243; _builder_version=\u00bb4.16&#8243; _module_preset=\u00bbdefault\u00bb custom_padding=\u00bb|||\u00bb global_colors_info=\u00bb{}\u00bb custom_padding__hover=\u00bb|||\u00bb][et_pb_text _builder_version=\u00bb4.24.0&#8243; _module_preset=\u00bb_initial\u00bb custom_margin=\u00bb100px|50px|||false|false\u00bb custom_margin_tablet=\u00bb50px||50px||true|false\u00bb custom_margin_phone=\u00bb50px||50px||true|false\u00bb custom_margin_last_edited=\u00bbon|phone\u00bb global_colors_info=\u00bb{}\u00bb]<\/p>\n<p>En esta secci\u00f3n puede informarse sobre novedades relacionadas con la participaci\u00f3n de los pacientes en el \u00e1mbito de la planificaci\u00f3n, gesti\u00f3n y atenci\u00f3n sanitaria.<\/p>\n<p>[\/et_pb_text][\/et_pb_column][et_pb_column type=\u00bb1_2&#8243; specialty_columns=\u00bb2&#8243; _builder_version=\u00bb4.16&#8243; _module_preset=\u00bbdefault\u00bb custom_padding=\u00bb|||\u00bb global_colors_info=\u00bb{}\u00bb custom_padding__hover=\u00bb|||\u00bb][et_pb_row_inner _builder_version=\u00bb4.24.0&#8243; _module_preset=\u00bbdefault\u00bb global_colors_info=\u00bb{}\u00bb][et_pb_column_inner saved_specialty_column_type=\u00bb1_2&#8243; _builder_version=\u00bb4.24.0&#8243; _module_preset=\u00bbdefault\u00bb global_colors_info=\u00bb{}\u00bb][et_pb_text _builder_version=\u00bb4.24.0&#8243; _module_preset=\u00bb_initial\u00bb text_orientation=\u00bbcenter\u00bb locked=\u00bboff\u00bb global_colors_info=\u00bb{}\u00bb]<\/p>\n<h3>Consulte el informe de <strong><span class=\"lila\">Particip<\/span><span class=\"naranja\">ACCI\u00d3N<\/span><\/strong> y su gu\u00eda de integraci\u00f3n en el \u00e1mbito hospitalario<\/h3>\n<p>[\/et_pb_text][\/et_pb_column_inner][\/et_pb_row_inner][et_pb_row_inner column_structure=\u00bb1_2,1_2&#8243; _builder_version=\u00bb4.24.0&#8243; _module_preset=\u00bbdefault\u00bb locked=\u00bboff\u00bb global_colors_info=\u00bb{}\u00bb][et_pb_column_inner type=\u00bb1_2&#8243; saved_specialty_column_type=\u00bb1_2&#8243; _builder_version=\u00bb4.16&#8243; _module_preset=\u00bbdefault\u00bb global_colors_info=\u00bb{}\u00bb][et_pb_image src=\u00bbhttps:\/\/www.plataformadepacientes.org\/participaccion\/wp-content\/uploads\/2024\/02\/ParticipACCION_Informe_portada.jpg\u00bb alt=\u00bbPortada informe ParticipACCI\u00d3N \u00bb title_text=\u00bbPortada informe ParticipACCI\u00d3N \u00bb align=\u00bbcenter\u00bb _builder_version=\u00bb4.24.0&#8243; _module_preset=\u00bbdefault\u00bb module_alignment=\u00bbcenter\u00bb global_colors_info=\u00bb{}\u00bb][\/et_pb_image][et_pb_button button_url=\u00bbhttps:\/\/www.plataformadepacientes.org\/participaccion\/wp-content\/uploads\/2022\/03\/ParticipACCION_Informe.pdf\u00bb url_new_window=\u00bbon\u00bb button_text=\u00bbDescargar informe\u00bb button_alignment=\u00bbcenter\u00bb module_class=\u00bbbutton-ga action-DESCARGA category-PDF-INFORME label-INFORME-MODELO\u00bb _builder_version=\u00bb4.24.0&#8243; _module_preset=\u00bb800ded75-94c0-4cf9-9a74-c3af258992df\u00bb button_text_size=\u00bb1.2rem\u00bb global_colors_info=\u00bb{}\u00bb][\/et_pb_button][\/et_pb_column_inner][et_pb_column_inner type=\u00bb1_2&#8243; saved_specialty_column_type=\u00bb1_2&#8243; _builder_version=\u00bb4.16&#8243; _module_preset=\u00bbdefault\u00bb global_colors_info=\u00bb{}\u00bb][et_pb_image src=\u00bbhttps:\/\/www.plataformadepacientes.org\/participaccion\/wp-content\/uploads\/2024\/07\/ParticipACCION-Informe-Meso.jpg\u00bb alt=\u00bbPortada informe ParticipACCI\u00d3N \u00bb title_text=\u00bbInforme Meso\u00bb align=\u00bbcenter\u00bb _builder_version=\u00bb4.24.0&#8243; _module_preset=\u00bbdefault\u00bb module_alignment=\u00bbcenter\u00bb locked=\u00bboff\u00bb global_colors_info=\u00bb{}\u00bb][\/et_pb_image][et_pb_button button_url=\u00bbhttps:\/\/www.plataformadepacientes.org\/participaccion\/wp-content\/uploads\/2024\/07\/ParticipACCION-Informe-Meso.pdf\u00bb url_new_window=\u00bbon\u00bb button_text=\u00bbDescargar gu\u00eda meso\u00bb button_alignment=\u00bbcenter\u00bb module_class=\u00bbbutton-ga action-DESCARGA category-PDF-INFORME label-INFORME-MODELO\u00bb _builder_version=\u00bb4.24.0&#8243; _module_preset=\u00bb800ded75-94c0-4cf9-9a74-c3af258992df\u00bb button_text_size=\u00bb1.2rem\u00bb global_colors_info=\u00bb{}\u00bb][\/et_pb_button][\/et_pb_column_inner][\/et_pb_row_inner][\/et_pb_column][\/et_pb_section][et_pb_section fb_built=\u00bb1&#8243; _builder_version=\u00bb4.24.0&#8243; _module_preset=\u00bbdefault\u00bb custom_margin=\u00bb||||false|false\u00bb custom_padding=\u00bb0px||0px||true|false\u00bb global_colors_info=\u00bb{}\u00bb][et_pb_row column_structure=\u00bb1_4,1_4,1_4,1_4&#8243; use_custom_gutter=\u00bbon\u00bb gutter_width=\u00bb1&#8243; make_equal=\u00bbon\u00bb module_id=\u00bbmenu-recursos\u00bb _builder_version=\u00bb4.24.0&#8243; _module_preset=\u00bbdefault\u00bb width=\u00bb100%\u00bb max_width=\u00bbnone\u00bb custom_padding=\u00bb0px||0px||true|false\u00bb locked=\u00bboff\u00bb global_colors_info=\u00bb{}\u00bb][et_pb_column type=\u00bb1_4&#8243; module_id=\u00bbvideos\u00bb module_class=\u00bbbutton-selector\u00bb _builder_version=\u00bb4.24.0&#8243; _module_preset=\u00bbdefault\u00bb custom_padding=\u00bb50px||50px||true|false\u00bb global_colors_info=\u00bb{}\u00bb][et_pb_text _builder_version=\u00bb4.24.0&#8243; _module_preset=\u00bb_initial\u00bb text_font=\u00bb|||on|||||\u00bb text_orientation=\u00bbcenter\u00bb global_colors_info=\u00bb{}\u00bb]<\/p>\n<p>V\u00eddeos<\/p>\n<p>[\/et_pb_text][\/et_pb_column][et_pb_column type=\u00bb1_4&#8243; module_id=\u00bbbuenas-practicas\u00bb module_class=\u00bbbutton-selector\u00bb _builder_version=\u00bb4.24.0&#8243; _module_preset=\u00bbdefault\u00bb custom_padding=\u00bb50px||50px||true|false\u00bb global_colors_info=\u00bb{}\u00bb][et_pb_text _builder_version=\u00bb4.24.0&#8243; _module_preset=\u00bb_initial\u00bb text_font=\u00bb|||on|||||\u00bb text_orientation=\u00bbcenter\u00bb global_colors_info=\u00bb{}\u00bb]<\/p>\n<p>Buenas<br \/>pr\u00e1cticas<\/p>\n<p>[\/et_pb_text][\/et_pb_column][et_pb_column type=\u00bb1_4&#8243; module_id=\u00bbnoticias\u00bb module_class=\u00bbbutton-selector\u00bb _builder_version=\u00bb4.24.0&#8243; _module_preset=\u00bbdefault\u00bb custom_padding=\u00bb50px||50px||true|false\u00bb global_colors_info=\u00bb{}\u00bb][et_pb_text _builder_version=\u00bb4.24.0&#8243; _module_preset=\u00bb_initial\u00bb text_font=\u00bb|||on|||||\u00bb text_orientation=\u00bbcenter\u00bb hover_enabled=\u00bb0&#8243; global_colors_info=\u00bb{}\u00bb sticky_enabled=\u00bb0&#8243;]<\/p>\n<p>Noticias<\/p>\n<p>[\/et_pb_text][\/et_pb_column][et_pb_column type=\u00bb1_4&#8243; module_id=\u00bbtodos\u00bb module_class=\u00bbbutton-selector\u00bb _builder_version=\u00bb4.24.0&#8243; _module_preset=\u00bbdefault\u00bb custom_padding=\u00bb50px||50px||true|false\u00bb global_colors_info=\u00bb{}\u00bb][et_pb_text _builder_version=\u00bb4.24.0&#8243; _module_preset=\u00bb_initial\u00bb text_font=\u00bb|||on|||||\u00bb text_orientation=\u00bbcenter\u00bb global_colors_info=\u00bb{}\u00bb]<\/p>\n<p>Todos<\/p>\n<p>[\/et_pb_text][\/et_pb_column][\/et_pb_row][\/et_pb_section][et_pb_section fb_built=\u00bb1&#8243; admin_label=\u00bbV\u00eddeos\u00bb module_class=\u00bbselection-section selection-videos\u00bb _builder_version=\u00bb4.24.0&#8243; _module_preset=\u00bbdefault\u00bb global_colors_info=\u00bb{}\u00bb][et_pb_row _builder_version=\u00bb4.24.0&#8243; _module_preset=\u00bbdefault\u00bb global_colors_info=\u00bb{}\u00bb][et_pb_column type=\u00bb4_4&#8243; _builder_version=\u00bb4.16&#8243; _module_preset=\u00bbdefault\u00bb global_colors_info=\u00bb{}\u00bb][et_pb_blog fullwidth=\u00bboff\u00bb posts_number=\u00bb9&#8243; include_categories=\u00bb9&#8243; excerpt_length=\u00bb120&#8243; show_more=\u00bbon\u00bb show_author=\u00bboff\u00bb show_date=\u00bboff\u00bb _builder_version=\u00bb4.24.0&#8243; _module_preset=\u00bbdefault\u00bb header_text_color=\u00bbgcid-66c7fd5d-4086-4e3b-b7a5-83b28cede48a\u00bb meta_font_size=\u00bb15px\u00bb read_more_font=\u00bb||||||||\u00bb border_radii=\u00bbon|20px|20px|20px|20px\u00bb border_width_all=\u00bb0px\u00bb box_shadow_style=\u00bbpreset1&#8243; locked=\u00bboff\u00bb global_colors_info=\u00bb{%22gcid-66c7fd5d-4086-4e3b-b7a5-83b28cede48a%22:%91%22header_text_color%22%93}\u00bb][\/et_pb_blog][\/et_pb_column][\/et_pb_row][\/et_pb_section][et_pb_section fb_built=\u00bb1&#8243; admin_label=\u00bbBuenas pr\u00e1cticas\u00bb module_class=\u00bbselection-section selection-buenas-practicas\u00bb _builder_version=\u00bb4.24.0&#8243; _module_preset=\u00bbdefault\u00bb global_colors_info=\u00bb{}\u00bb][et_pb_row _builder_version=\u00bb4.24.0&#8243; _module_preset=\u00bbdefault\u00bb global_colors_info=\u00bb{}\u00bb][et_pb_column type=\u00bb4_4&#8243; _builder_version=\u00bb4.16&#8243; _module_preset=\u00bbdefault\u00bb global_colors_info=\u00bb{}\u00bb][et_pb_blog fullwidth=\u00bboff\u00bb posts_number=\u00bb9&#8243; include_categories=\u00bb8&#8243; excerpt_length=\u00bb120&#8243; show_more=\u00bbon\u00bb show_author=\u00bboff\u00bb show_date=\u00bboff\u00bb _builder_version=\u00bb4.24.0&#8243; _module_preset=\u00bbdefault\u00bb header_text_color=\u00bbgcid-66c7fd5d-4086-4e3b-b7a5-83b28cede48a\u00bb meta_font_size=\u00bb15px\u00bb read_more_font=\u00bb||||||||\u00bb border_radii=\u00bbon|20px|20px|20px|20px\u00bb border_width_all=\u00bb0px\u00bb box_shadow_style=\u00bbpreset1&#8243; locked=\u00bboff\u00bb global_colors_info=\u00bb{%22gcid-66c7fd5d-4086-4e3b-b7a5-83b28cede48a%22:%91%22header_text_color%22%93}\u00bb][\/et_pb_blog][\/et_pb_column][\/et_pb_row][\/et_pb_section][et_pb_section fb_built=\u00bb1&#8243; admin_label=\u00bbNot\u00edcias\u00bb module_class=\u00bbselection-section selection-noticias\u00bb _builder_version=\u00bb4.24.0&#8243; _module_preset=\u00bbdefault\u00bb global_colors_info=\u00bb{}\u00bb][et_pb_row _builder_version=\u00bb4.24.0&#8243; _module_preset=\u00bbdefault\u00bb global_colors_info=\u00bb{}\u00bb][et_pb_column type=\u00bb4_4&#8243; _builder_version=\u00bb4.16&#8243; _module_preset=\u00bbdefault\u00bb global_colors_info=\u00bb{}\u00bb][et_pb_blog fullwidth=\u00bboff\u00bb posts_number=\u00bb9&#8243; include_categories=\u00bb7&#8243; excerpt_length=\u00bb120&#8243; show_more=\u00bbon\u00bb show_author=\u00bboff\u00bb show_date=\u00bboff\u00bb _builder_version=\u00bb4.24.0&#8243; _module_preset=\u00bbdefault\u00bb header_text_color=\u00bbgcid-66c7fd5d-4086-4e3b-b7a5-83b28cede48a\u00bb meta_font_size=\u00bb15px\u00bb read_more_font=\u00bb||||||||\u00bb border_radii=\u00bbon|20px|20px|20px|20px\u00bb border_width_all=\u00bb0px\u00bb box_shadow_style=\u00bbpreset1&#8243; locked=\u00bboff\u00bb global_colors_info=\u00bb{%22gcid-66c7fd5d-4086-4e3b-b7a5-83b28cede48a%22:%91%22header_text_color%22%93}\u00bb][\/et_pb_blog][\/et_pb_column][\/et_pb_row][\/et_pb_section][et_pb_section fb_built=\u00bb1&#8243; admin_label=\u00bbTodos\u00bb module_class=\u00bbselection-section selection-todos\u00bb _builder_version=\u00bb4.24.0&#8243; _module_preset=\u00bbdefault\u00bb global_colors_info=\u00bb{}\u00bb][et_pb_row _builder_version=\u00bb4.24.0&#8243; _module_preset=\u00bbdefault\u00bb global_colors_info=\u00bb{}\u00bb][et_pb_column type=\u00bb4_4&#8243; _builder_version=\u00bb4.16&#8243; _module_preset=\u00bbdefault\u00bb global_colors_info=\u00bb{}\u00bb][et_pb_blog fullwidth=\u00bboff\u00bb posts_number=\u00bb9&#8243; include_categories=\u00bball\u00bb excerpt_length=\u00bb120&#8243; show_more=\u00bbon\u00bb show_author=\u00bboff\u00bb show_date=\u00bboff\u00bb _builder_version=\u00bb4.24.0&#8243; _module_preset=\u00bbdefault\u00bb header_text_color=\u00bbgcid-66c7fd5d-4086-4e3b-b7a5-83b28cede48a\u00bb meta_font_size=\u00bb15px\u00bb read_more_font=\u00bb||||||||\u00bb border_radii=\u00bbon|20px|20px|20px|20px\u00bb border_width_all=\u00bb0px\u00bb box_shadow_style=\u00bbpreset1&#8243; locked=\u00bboff\u00bb global_colors_info=\u00bb{%22gcid-66c7fd5d-4086-4e3b-b7a5-83b28cede48a%22:%91%22header_text_color%22%93}\u00bb][\/et_pb_blog][\/et_pb_column][\/et_pb_row][\/et_pb_section][et_pb_section fb_built=\u00bb1&#8243; module_class=\u00bbhidden\u00bb _builder_version=\u00bb4.24.0&#8243; _module_preset=\u00bbdefault\u00bb global_colors_info=\u00bb{}\u00bb][et_pb_row _builder_version=\u00bb4.24.0&#8243; _module_preset=\u00bbdefault\u00bb global_colors_info=\u00bb{}\u00bb][et_pb_column type=\u00bb4_4&#8243; _builder_version=\u00bb4.24.0&#8243; _module_preset=\u00bbdefault\u00bb global_colors_info=\u00bb{}\u00bb][et_pb_code _builder_version=\u00bb4.24.0&#8243; _module_preset=\u00bbdefault\u00bb global_colors_info=\u00bb{}\u00bb]<script><!-- [et_pb_line_break_holder] -->(function($){<!-- [et_pb_line_break_holder] -->  const categories = ['videos', 'buenas-practicas', 'noticias'];<!-- [et_pb_line_break_holder] -->  const showCategoryParams = () => {<!-- [et_pb_line_break_holder] -->    const params = new URLSearchParams(document.location.search);<!-- [et_pb_line_break_holder] -->    let category = params.get(\"category\");<!-- [et_pb_line_break_holder] -->    console.log(\"Category\", category);<!-- [et_pb_line_break_holder] -->    category = categories.includes(category) ? category : 'todos';<!-- [et_pb_line_break_holder] -->    console.log(\"Final Category\", category);<!-- [et_pb_line_break_holder] -->    if(category){<!-- [et_pb_line_break_holder] -->      $('.button-selector').removeClass(\"active\");<!-- [et_pb_line_break_holder] -->      $(\"#\"+category).addClass(\"active\");<!-- [et_pb_line_break_holder] -->      $('.selection-section').addClass(\"hide\");<!-- [et_pb_line_break_holder] -->      $('.selection-'+category).removeClass(\"hide\");<!-- [et_pb_line_break_holder] -->    }<!-- [et_pb_line_break_holder] -->  };<!-- [et_pb_line_break_holder] -->  $(document).ready(function() {<!-- [et_pb_line_break_holder] -->    setTimeout(function () {<!-- [et_pb_line_break_holder] -->    \tshowCategoryParams();<!-- [et_pb_line_break_holder] -->    }, 300);<!-- [et_pb_line_break_holder] -->  });<!-- [et_pb_line_break_holder] -->})(jQuery);<!-- [et_pb_line_break_holder] -->  console.log(\"Recursos 2\");<!-- [et_pb_line_break_holder] --><\/script>[\/et_pb_code][\/et_pb_column][\/et_pb_row][\/et_pb_section]<\/p>\n","protected":false},"excerpt":{"rendered":"<p>RecursosEn esta secci\u00f3n puede informarse sobre novedades relacionadas con la participaci\u00f3n de los pacientes en el \u00e1mbito de la planificaci\u00f3n, gesti\u00f3n y atenci\u00f3n sanitaria.Consulte el informe de ParticipACCI\u00d3N y su gu\u00eda de integraci\u00f3n en el \u00e1mbito hospitalarioV\u00eddeosBuenaspr\u00e1cticasNoticiasTodos<\/p>\n","protected":false},"author":1,"featured_media":0,"parent":0,"menu_order":4,"comment_status":"closed","ping_status":"closed","template":"","meta":{"_acf_changed":false,"_et_pb_use_builder":"on","_et_pb_old_content":"","_et_gb_content_width":"","footnotes":""},"class_list":["post-149","page","type-page","status-publish","hentry"],"acf":[],"yoast_head":"<!-- This site is optimized with the Yoast SEO plugin v22.0 - https:\/\/yoast.com\/wordpress\/plugins\/seo\/ -->\n<title>Recursos - ParticipACCI\u00d3N<\/title>\n<meta name=\"robots\" content=\"index, follow, max-snippet:-1, max-image-preview:large, max-video-preview:-1\" \/>\n<link rel=\"canonical\" href=\"https:\/\/www.plataformadepacientes.org\/participaccion\/recursos\/\" \/>\n<meta property=\"og:locale\" content=\"es_ES\" \/>\n<meta property=\"og:type\" content=\"article\" \/>\n<meta property=\"og:title\" content=\"Recursos - ParticipACCI\u00d3N\" \/>\n<meta property=\"og:description\" content=\"RecursosEn esta secci\u00f3n puede informarse sobre novedades relacionadas con la participaci\u00f3n de los pacientes en el \u00e1mbito de la planificaci\u00f3n, gesti\u00f3n y atenci\u00f3n sanitaria.Consulte el informe de ParticipACCI\u00d3N y su gu\u00eda de integraci\u00f3n en el \u00e1mbito hospitalarioV\u00eddeosBuenaspr\u00e1cticasNoticiasTodos\" \/>\n<meta property=\"og:url\" content=\"https:\/\/www.plataformadepacientes.org\/participaccion\/recursos\/\" \/>\n<meta property=\"og:site_name\" content=\"ParticipACCI\u00d3N\" \/>\n<meta property=\"article:modified_time\" content=\"2024-11-26T10:04:21+00:00\" \/>\n<meta name=\"twitter:card\" content=\"summary_large_image\" \/>\n<script type=\"application\/ld+json\" class=\"yoast-schema-graph\">{\"@context\":\"https:\/\/schema.org\",\"@graph\":[{\"@type\":\"WebPage\",\"@id\":\"https:\/\/www.plataformadepacientes.org\/participaccion\/recursos\/\",\"url\":\"https:\/\/www.plataformadepacientes.org\/participaccion\/recursos\/\",\"name\":\"Recursos - ParticipACCI\u00d3N\",\"isPartOf\":{\"@id\":\"https:\/\/www.plataformadepacientes.org\/participaccion\/#website\"},\"datePublished\":\"2021-12-21T10:01:31+00:00\",\"dateModified\":\"2024-11-26T10:04:21+00:00\",\"breadcrumb\":{\"@id\":\"https:\/\/www.plataformadepacientes.org\/participaccion\/recursos\/#breadcrumb\"},\"inLanguage\":\"es\",\"potentialAction\":[{\"@type\":\"ReadAction\",\"target\":[\"https:\/\/www.plataformadepacientes.org\/participaccion\/recursos\/\"]}]},{\"@type\":\"BreadcrumbList\",\"@id\":\"https:\/\/www.plataformadepacientes.org\/participaccion\/recursos\/#breadcrumb\",\"itemListElement\":[{\"@type\":\"ListItem\",\"position\":1,\"name\":\"Portada\",\"item\":\"https:\/\/www.plataformadepacientes.org\/participaccion\/\"},{\"@type\":\"ListItem\",\"position\":2,\"name\":\"Recursos\"}]},{\"@type\":\"WebSite\",\"@id\":\"https:\/\/www.plataformadepacientes.org\/participaccion\/#website\",\"url\":\"https:\/\/www.plataformadepacientes.org\/participaccion\/\",\"name\":\"ParticipACCI\u00d3N\",\"description\":\"Modelo de excelencia\",\"potentialAction\":[{\"@type\":\"SearchAction\",\"target\":{\"@type\":\"EntryPoint\",\"urlTemplate\":\"https:\/\/www.plataformadepacientes.org\/participaccion\/?s={search_term_string}\"},\"query-input\":\"required name=search_term_string\"}],\"inLanguage\":\"es\"}]}<\/script>\n<!-- \/ Yoast SEO plugin. -->","yoast_head_json":{"title":"Recursos - ParticipACCI\u00d3N","robots":{"index":"index","follow":"follow","max-snippet":"max-snippet:-1","max-image-preview":"max-image-preview:large","max-video-preview":"max-video-preview:-1"},"canonical":"https:\/\/www.plataformadepacientes.org\/participaccion\/recursos\/","og_locale":"es_ES","og_type":"article","og_title":"Recursos - ParticipACCI\u00d3N","og_description":"RecursosEn esta secci\u00f3n puede informarse sobre novedades relacionadas con la participaci\u00f3n de los pacientes en el \u00e1mbito de la planificaci\u00f3n, gesti\u00f3n y atenci\u00f3n sanitaria.Consulte el informe de ParticipACCI\u00d3N y su gu\u00eda de integraci\u00f3n en el \u00e1mbito hospitalarioV\u00eddeosBuenaspr\u00e1cticasNoticiasTodos","og_url":"https:\/\/www.plataformadepacientes.org\/participaccion\/recursos\/","og_site_name":"ParticipACCI\u00d3N","article_modified_time":"2024-11-26T10:04:21+00:00","twitter_card":"summary_large_image","schema":{"@context":"https:\/\/schema.org","@graph":[{"@type":"WebPage","@id":"https:\/\/www.plataformadepacientes.org\/participaccion\/recursos\/","url":"https:\/\/www.plataformadepacientes.org\/participaccion\/recursos\/","name":"Recursos - ParticipACCI\u00d3N","isPartOf":{"@id":"https:\/\/www.plataformadepacientes.org\/participaccion\/#website"},"datePublished":"2021-12-21T10:01:31+00:00","dateModified":"2024-11-26T10:04:21+00:00","breadcrumb":{"@id":"https:\/\/www.plataformadepacientes.org\/participaccion\/recursos\/#breadcrumb"},"inLanguage":"es","potentialAction":[{"@type":"ReadAction","target":["https:\/\/www.plataformadepacientes.org\/participaccion\/recursos\/"]}]},{"@type":"BreadcrumbList","@id":"https:\/\/www.plataformadepacientes.org\/participaccion\/recursos\/#breadcrumb","itemListElement":[{"@type":"ListItem","position":1,"name":"Portada","item":"https:\/\/www.plataformadepacientes.org\/participaccion\/"},{"@type":"ListItem","position":2,"name":"Recursos"}]},{"@type":"WebSite","@id":"https:\/\/www.plataformadepacientes.org\/participaccion\/#website","url":"https:\/\/www.plataformadepacientes.org\/participaccion\/","name":"ParticipACCI\u00d3N","description":"Modelo de excelencia","potentialAction":[{"@type":"SearchAction","target":{"@type":"EntryPoint","urlTemplate":"https:\/\/www.plataformadepacientes.org\/participaccion\/?s={search_term_string}"},"query-input":"required name=search_term_string"}],"inLanguage":"es"}]}},"_links":{"self":[{"href":"https:\/\/www.plataformadepacientes.org\/participaccion\/wp-json\/wp\/v2\/pages\/149","targetHints":{"allow":["GET"]}}],"collection":[{"href":"https:\/\/www.plataformadepacientes.org\/participaccion\/wp-json\/wp\/v2\/pages"}],"about":[{"href":"https:\/\/www.plataformadepacientes.org\/participaccion\/wp-json\/wp\/v2\/types\/page"}],"author":[{"embeddable":true,"href":"https:\/\/www.plataformadepacientes.org\/participaccion\/wp-json\/wp\/v2\/users\/1"}],"replies":[{"embeddable":true,"href":"https:\/\/www.plataformadepacientes.org\/participaccion\/wp-json\/wp\/v2\/comments?post=149"}],"version-history":[{"count":23,"href":"https:\/\/www.plataformadepacientes.org\/participaccion\/wp-json\/wp\/v2\/pages\/149\/revisions"}],"predecessor-version":[{"id":1348,"href":"https:\/\/www.plataformadepacientes.org\/participaccion\/wp-json\/wp\/v2\/pages\/149\/revisions\/1348"}],"wp:attachment":[{"href":"https:\/\/www.plataformadepacientes.org\/participaccion\/wp-json\/wp\/v2\/media?parent=149"}],"curies":[{"name":"wp","href":"https:\/\/api.w.org\/{rel}","templated":true}]}}