{"id":104,"date":"2021-12-02T08:51:25","date_gmt":"2021-12-02T07:51:25","guid":{"rendered":"https:\/\/www.plataformadepacientes.org\/participaccion\/?page_id=104"},"modified":"2022-01-10T17:39:40","modified_gmt":"2022-01-10T16:39:40","slug":"iniciar-sesion","status":"publish","type":"page","link":"https:\/\/www.plataformadepacientes.org\/participaccion\/iniciar-sesion\/","title":{"rendered":"Iniciar sesi\u00f3n"},"content":{"rendered":"<p>[et_pb_section fb_built=\u00bb1&#8243; _builder_version=\u00bb4.14.4&#8243; _module_preset=\u00bbdefault\u00bb hover_enabled=\u00bb0&#8243; global_colors_info=\u00bb{%22gcid-63d7d438-689a-4e6f-b549-4228eef778c2%22:%91%22colorStart%22%93,%22gcid-4a68b322-b865-4355-b824-21a3da28f83c%22:%91%22colorEnd%22%93}\u00bb use_background_color_gradient=\u00bbon\u00bb background_color_gradient_start=\u00bbgcid-63d7d438-689a-4e6f-b549-4228eef778c2&#8243; background_color_gradient_end=\u00bbgcid-4a68b322-b865-4355-b824-21a3da28f83c\u00bb background_color_gradient_direction=\u00bb45deg\u00bb sticky_enabled=\u00bb0&#8243; background_color_gradient_end_position=\u00bb60%\u00bb][et_pb_row _builder_version=\u00bb4.14.1&#8243; _module_preset=\u00bbdefault\u00bb global_colors_info=\u00bb{}\u00bb][et_pb_column type=\u00bb4_4&#8243; _builder_version=\u00bb4.14.1&#8243; _module_preset=\u00bbdefault\u00bb global_colors_info=\u00bb{}\u00bb][et_pb_text _builder_version=\u00bb4.14.4&#8243; _module_preset=\u00bbdefault\u00bb module_class=\u00bbform-all-width\u00bb hover_enabled=\u00bb0&#8243; sticky_enabled=\u00bb0&#8243; background_layout=\u00bbdark\u00bb link_text_color=\u00bb#FFFFFF\u00bb]<\/p>\n<h1>Iniciar sesi\u00f3n<\/h1>\n\n<div class=\"login-form-container\">\n        <!-- Show errors if there are any -->\n        <!-- Show logged out message if user just logged out -->\n                \n    <form name=\"participACCIONlogin\" id=\"participACCIONlogin\" method=\"post\">\n\n        <div class=\"et_pb_row\">\n            <p class=\"login-username col-3\">\n                    <span class=\"wpcf7-form-control-wrap log\">\n                        <input type=\"text\" class=\"wpcf7-form-control wpcf7-text\" name=\"log\" placeholder=\"Usuario\" id=\"user_login\" class=\"input\" value=\"\" size=\"20\" autocomplete=\"username\">\n                    <\/span>\n            <\/p>\n            <p class=\"login-password col-3\">\n                    <span class=\"wpcf7-form-control-wrap pwd\">\n                        <input type=\"password\" class=\"wpcf7-form-control wpcf7-text\" name=\"pwd\" placeholder=\"Contrase\u00f1a\" id=\"user_pass\" class=\"input\" value=\"\" size=\"20\" autocomplete=\"current-password\">\n                    <\/span>\n            <\/p>\n            <div class=\"col-3 last\">\n                <p class=\"login-submit wpcf7\">\n                    <input type=\"submit\" name=\"wp-submit\" id=\"wp-submit\" class=\"button button-primary wpcf7-submit\" value=\"Acceder\">\n                <\/p>\n                <span class=\"loader\"><\/span>\n            <\/div>\n        <\/div>\n        <div class=\"et_pb_row error-row\">\n        <\/div>\n        <input type=\"hidden\" name=\"redirect\" id=\"redirect\" value=\"https:\/\/www.plataformadepacientes.org\/participaccion\/espacio-personal\/\">\n        <input type=\"hidden\" id=\"security\" name=\"security\" value=\"dd41299481\" \/><input type=\"hidden\" name=\"_wp_http_referer\" value=\"\/participaccion\/wp-json\/wp\/v2\/pages\/104\" \/>    <\/form>\n    <p>\n        <a class=\"forgot-password\" href=\"https:\/\/www.plataformadepacientes.org\/participaccion\/wp-login.php?action=lostpassword\">\n            \u00bfHa olvidado tu contrase\u00f1a?        <\/a>\n    <\/p>\n    <p>Si todav\u00eda no est\u00e1 registrado, h\u00e1galo <a href=\"https:\/\/www.plataformadepacientes.org\/participaccion\/registro\" class=\"underline\">aqu\u00ed<\/a>.<\/p>\n<\/div>\n\n<p>[\/et_pb_text][\/et_pb_column][\/et_pb_row][\/et_pb_section]<\/p>\n","protected":false},"excerpt":{"rendered":"<p>Iniciar sesi\u00f3n \n<div class=\"login-form-container\">\n        <!-- Show errors if there are any -->\n        <!-- Show logged out message if user just logged out -->\n                \n    <form name=\"participACCIONlogin\" id=\"participACCIONlogin\" method=\"post\">\n\n        <div class=\"et_pb_row\">\n            <p class=\"login-username col-3\">\n                    <span class=\"wpcf7-form-control-wrap log\">\n                        <input type=\"text\" class=\"wpcf7-form-control wpcf7-text\" name=\"log\" placeholder=\"Usuario\" id=\"user_login\" class=\"input\" value=\"\" size=\"20\" autocomplete=\"username\">\n                    <\/span>\n            <\/p>\n            <p class=\"login-password col-3\">\n                    <span class=\"wpcf7-form-control-wrap pwd\">\n                        <input type=\"password\" class=\"wpcf7-form-control wpcf7-text\" name=\"pwd\" placeholder=\"Contrase\u00f1a\" id=\"user_pass\" class=\"input\" value=\"\" size=\"20\" autocomplete=\"current-password\">\n                    <\/span>\n            <\/p>\n            <div class=\"col-3 last\">\n                <p class=\"login-submit wpcf7\">\n                    <input type=\"submit\" name=\"wp-submit\" id=\"wp-submit\" class=\"button button-primary wpcf7-submit\" value=\"Acceder\">\n                <\/p>\n                <span class=\"loader\"><\/span>\n            <\/div>\n        <\/div>\n        <div class=\"et_pb_row error-row\">\n        <\/div>\n        <input type=\"hidden\" name=\"redirect\" id=\"redirect\" value=\"https:\/\/www.plataformadepacientes.org\/participaccion\/espacio-personal\/\">\n        <input type=\"hidden\" id=\"security\" name=\"security\" value=\"dd41299481\" \/><input type=\"hidden\" name=\"_wp_http_referer\" value=\"\/participaccion\/wp-json\/wp\/v2\/pages\/104\" \/>    <\/form>\n    <p>\n        <a class=\"forgot-password\" href=\"https:\/\/www.plataformadepacientes.org\/participaccion\/wp-login.php?action=lostpassword\">\n            \u00bfHa olvidado tu contrase\u00f1a?        <\/a>\n    <\/p>\n    <p>Si todav\u00eda no est\u00e1 registrado, h\u00e1galo <a href=\"https:\/\/www.plataformadepacientes.org\/participaccion\/registro\" class=\"underline\">aqu\u00ed<\/a>.<\/p>\n<\/div>\n<\/p>\n","protected":false},"author":1,"featured_media":0,"parent":0,"menu_order":5,"comment_status":"closed","ping_status":"closed","template":"","meta":{"_acf_changed":false,"_et_pb_use_builder":"on","_et_pb_old_content":"","_et_gb_content_width":"","footnotes":""},"class_list":["post-104","page","type-page","status-publish","hentry"],"acf":[],"yoast_head":"<!-- This site is optimized with the Yoast SEO plugin v22.0 - https:\/\/yoast.com\/wordpress\/plugins\/seo\/ -->\n<title>Iniciar sesi\u00f3n - ParticipACCI\u00d3N<\/title>\n<meta name=\"robots\" content=\"index, follow, max-snippet:-1, max-image-preview:large, max-video-preview:-1\" \/>\n<link rel=\"canonical\" href=\"https:\/\/www.plataformadepacientes.org\/participaccion\/iniciar-sesion\/\" \/>\n<meta property=\"og:locale\" content=\"es_ES\" \/>\n<meta property=\"og:type\" content=\"article\" \/>\n<meta property=\"og:title\" content=\"Iniciar sesi\u00f3n - ParticipACCI\u00d3N\" \/>\n<meta property=\"og:description\" content=\"Iniciar sesi\u00f3n\" \/>\n<meta property=\"og:url\" content=\"https:\/\/www.plataformadepacientes.org\/participaccion\/iniciar-sesion\/\" \/>\n<meta property=\"og:site_name\" content=\"ParticipACCI\u00d3N\" \/>\n<meta property=\"article:modified_time\" content=\"2022-01-10T16:39:40+00:00\" \/>\n<meta name=\"twitter:card\" content=\"summary_large_image\" \/>\n<script type=\"application\/ld+json\" class=\"yoast-schema-graph\">{\"@context\":\"https:\/\/schema.org\",\"@graph\":[{\"@type\":\"WebPage\",\"@id\":\"https:\/\/www.plataformadepacientes.org\/participaccion\/iniciar-sesion\/\",\"url\":\"https:\/\/www.plataformadepacientes.org\/participaccion\/iniciar-sesion\/\",\"name\":\"Iniciar sesi\u00f3n - ParticipACCI\u00d3N\",\"isPartOf\":{\"@id\":\"https:\/\/www.plataformadepacientes.org\/participaccion\/#website\"},\"datePublished\":\"2021-12-02T07:51:25+00:00\",\"dateModified\":\"2022-01-10T16:39:40+00:00\",\"breadcrumb\":{\"@id\":\"https:\/\/www.plataformadepacientes.org\/participaccion\/iniciar-sesion\/#breadcrumb\"},\"inLanguage\":\"es\",\"potentialAction\":[{\"@type\":\"ReadAction\",\"target\":[\"https:\/\/www.plataformadepacientes.org\/participaccion\/iniciar-sesion\/\"]}]},{\"@type\":\"BreadcrumbList\",\"@id\":\"https:\/\/www.plataformadepacientes.org\/participaccion\/iniciar-sesion\/#breadcrumb\",\"itemListElement\":[{\"@type\":\"ListItem\",\"position\":1,\"name\":\"Portada\",\"item\":\"https:\/\/www.plataformadepacientes.org\/participaccion\/\"},{\"@type\":\"ListItem\",\"position\":2,\"name\":\"Iniciar sesi\u00f3n\"}]},{\"@type\":\"WebSite\",\"@id\":\"https:\/\/www.plataformadepacientes.org\/participaccion\/#website\",\"url\":\"https:\/\/www.plataformadepacientes.org\/participaccion\/\",\"name\":\"ParticipACCI\u00d3N\",\"description\":\"Modelo de excelencia\",\"potentialAction\":[{\"@type\":\"SearchAction\",\"target\":{\"@type\":\"EntryPoint\",\"urlTemplate\":\"https:\/\/www.plataformadepacientes.org\/participaccion\/?s={search_term_string}\"},\"query-input\":\"required name=search_term_string\"}],\"inLanguage\":\"es\"}]}<\/script>\n<!-- \/ Yoast SEO plugin. -->","yoast_head_json":{"title":"Iniciar sesi\u00f3n - ParticipACCI\u00d3N","robots":{"index":"index","follow":"follow","max-snippet":"max-snippet:-1","max-image-preview":"max-image-preview:large","max-video-preview":"max-video-preview:-1"},"canonical":"https:\/\/www.plataformadepacientes.org\/participaccion\/iniciar-sesion\/","og_locale":"es_ES","og_type":"article","og_title":"Iniciar sesi\u00f3n - ParticipACCI\u00d3N","og_description":"Iniciar sesi\u00f3n","og_url":"https:\/\/www.plataformadepacientes.org\/participaccion\/iniciar-sesion\/","og_site_name":"ParticipACCI\u00d3N","article_modified_time":"2022-01-10T16:39:40+00:00","twitter_card":"summary_large_image","schema":{"@context":"https:\/\/schema.org","@graph":[{"@type":"WebPage","@id":"https:\/\/www.plataformadepacientes.org\/participaccion\/iniciar-sesion\/","url":"https:\/\/www.plataformadepacientes.org\/participaccion\/iniciar-sesion\/","name":"Iniciar sesi\u00f3n - ParticipACCI\u00d3N","isPartOf":{"@id":"https:\/\/www.plataformadepacientes.org\/participaccion\/#website"},"datePublished":"2021-12-02T07:51:25+00:00","dateModified":"2022-01-10T16:39:40+00:00","breadcrumb":{"@id":"https:\/\/www.plataformadepacientes.org\/participaccion\/iniciar-sesion\/#breadcrumb"},"inLanguage":"es","potentialAction":[{"@type":"ReadAction","target":["https:\/\/www.plataformadepacientes.org\/participaccion\/iniciar-sesion\/"]}]},{"@type":"BreadcrumbList","@id":"https:\/\/www.plataformadepacientes.org\/participaccion\/iniciar-sesion\/#breadcrumb","itemListElement":[{"@type":"ListItem","position":1,"name":"Portada","item":"https:\/\/www.plataformadepacientes.org\/participaccion\/"},{"@type":"ListItem","position":2,"name":"Iniciar sesi\u00f3n"}]},{"@type":"WebSite","@id":"https:\/\/www.plataformadepacientes.org\/participaccion\/#website","url":"https:\/\/www.plataformadepacientes.org\/participaccion\/","name":"ParticipACCI\u00d3N","description":"Modelo de excelencia","potentialAction":[{"@type":"SearchAction","target":{"@type":"EntryPoint","urlTemplate":"https:\/\/www.plataformadepacientes.org\/participaccion\/?s={search_term_string}"},"query-input":"required name=search_term_string"}],"inLanguage":"es"}]}},"_links":{"self":[{"href":"https:\/\/www.plataformadepacientes.org\/participaccion\/wp-json\/wp\/v2\/pages\/104","targetHints":{"allow":["GET"]}}],"collection":[{"href":"https:\/\/www.plataformadepacientes.org\/participaccion\/wp-json\/wp\/v2\/pages"}],"about":[{"href":"https:\/\/www.plataformadepacientes.org\/participaccion\/wp-json\/wp\/v2\/types\/page"}],"author":[{"embeddable":true,"href":"https:\/\/www.plataformadepacientes.org\/participaccion\/wp-json\/wp\/v2\/users\/1"}],"replies":[{"embeddable":true,"href":"https:\/\/www.plataformadepacientes.org\/participaccion\/wp-json\/wp\/v2\/comments?post=104"}],"version-history":[{"count":9,"href":"https:\/\/www.plataformadepacientes.org\/participaccion\/wp-json\/wp\/v2\/pages\/104\/revisions"}],"predecessor-version":[{"id":254,"href":"https:\/\/www.plataformadepacientes.org\/participaccion\/wp-json\/wp\/v2\/pages\/104\/revisions\/254"}],"wp:attachment":[{"href":"https:\/\/www.plataformadepacientes.org\/participaccion\/wp-json\/wp\/v2\/media?parent=104"}],"curies":[{"name":"wp","href":"https:\/\/api.w.org\/{rel}","templated":true}]}}