{"id":64,"date":"2022-04-26T15:24:17","date_gmt":"2022-04-26T13:24:17","guid":{"rendered":"https:\/\/www.plataformadepacientes.org\/PremiosPOP\/?page_id=64"},"modified":"2023-04-18T11:23:56","modified_gmt":"2023-04-18T09:23:56","slug":"politica-de-privacidad","status":"publish","type":"page","link":"https:\/\/www.plataformadepacientes.org\/PremiosPOP\/politica-de-privacidad\/","title":{"rendered":"Pol\u00edtica de privacidad"},"content":{"rendered":"<p>[et_pb_section fb_built=\u00bb1&#8243; _builder_version=\u00bb4.17.3&#8243; _module_preset=\u00bbdefault\u00bb global_colors_info=\u00bb{}\u00bb][et_pb_row _builder_version=\u00bb4.17.3&#8243; _module_preset=\u00bbdefault\u00bb global_colors_info=\u00bb{}\u00bb][et_pb_column type=\u00bb4_4&#8243; _builder_version=\u00bb4.17.3&#8243; _module_preset=\u00bbdefault\u00bb global_colors_info=\u00bb{}\u00bb][et_pb_text _builder_version=\u00bb4.17.3&#8243; _module_preset=\u00bbdefault\u00bb text_orientation=\u00bbleft\u00bb background_layout=\u00bblight\u00bb hover_enabled=\u00bb0&#8243; global_colors_info=\u00bb{}\u00bb sticky_enabled=\u00bb0&#8243;]<\/p>\n<h1><strong>Pol\u00edtica de privacidad<\/strong><\/h1>\n<p>[\/et_pb_text][et_pb_text _builder_version=\u00bb4.17.3&#8243; _module_preset=\u00bbdefault\u00bb text_orientation=\u00bbleft\u00bb background_layout=\u00bblight\u00bb hover_enabled=\u00bb0&#8243; global_colors_info=\u00bb{}\u00bb sticky_enabled=\u00bb0&#8243;]<\/p>\n<p>De acuerdo con lo establecido en la Ley Org\u00e1nica 3\/2018, de 5 de diciembre, de Protecci\u00f3n de Datos Personales y garant\u00eda de los derechos digitales <strong>LOPDGDD<\/strong> y su Reglamento de desarrollo (RGPD) (UE) 2016\/679, le informamos de los siguiente:<\/p>\n<p>&nbsp;<\/p>\n<h2><strong>\u00bfQui\u00e9n es el responsable del tratamiento de sus datos?<\/strong><\/h2>\n<p><strong>Su Denominaci\u00f3n Social es:<\/strong> PLATAFORMA DE ORGANIZACIONES DE PACIENTES<\/p>\n<p><strong>Sus SIGLAS:<\/strong> POP<\/p>\n<p><strong>Su CIF:<\/strong> G87288627<\/p>\n<p><strong>Su direcci\u00f3n postal:<\/strong> C\/ Pamplona, 32. Bajo de Madrid 28039 (Madrid)<\/p>\n<p><strong>Su Tel\u00e9fono:<\/strong> 931061759<\/p>\n<p><strong>Su Correo electr\u00f3nico:<\/strong> info@plataformadepacientes.org<\/p>\n<p>&nbsp;<\/p>\n<h2><strong>\u00bfCon qu\u00e9 finalidad tratamos sus datos personales? <\/strong><\/h2>\n<p>Los datos personales proporcionados de cada candidatura de los Premios POP se registrar\u00e1n con el fin de poder establecer comunicaciones con los responsables de cada candidatura en aras de solicitar informaci\u00f3n adicional, invitarlos al acto de entrega, etc.<\/p>\n<p>&nbsp;<\/p>\n<h2><strong>\u00bfPor cu\u00e1nto tiempo conservaremos sus datos?<\/strong><\/h2>\n<p>Los datos personales proporcionados se conservar\u00e1n durante tiempo indefinido para valorar el servicio y posteriormente para posibles responsabilidades legales.<\/p>\n<p>&nbsp;<\/p>\n<h2><strong>\u00bfCu\u00e1l es la legitimaci\u00f3n para el tratamiento de sus datos? <\/strong><\/h2>\n<p>La base legal para el tratamiento de sus datos es la participaci\u00f3n voluntaria de la propuesta y lo hacemos en base a su consentimiento, mediante la marcaci\u00f3n de la casilla.<\/p>\n<p>&nbsp;<\/p>\n<h2><strong>\u00bfA qu\u00e9 destinatarios se comunicar\u00e1n sus datos? <\/strong><\/h2>\n<p>Los datos no se ceder\u00e1n a terceros salvo en los casos en que exista una obligaci\u00f3n legal y <strong><em>los trataremos en base a su consentimiento.<\/em><\/strong><\/p>\n<p><strong><em><\/em><\/strong><\/p>\n<h2><strong>\u00bfC\u00f3mo hemos obtenido sus datos?<\/strong><\/h2>\n<p>Los datos personales que tratamos proceden directamente del interesado o de su representante legal.<\/p>\n<p>Los usuarios, mediante la marcaci\u00f3n de la casilla, aceptan expresamente y de forma libre e inequ\u00edvoca que los datos introducidos sean tratados por PLATAFORMA DE ORGANIZACIONES DE PACIENTES.<\/p>\n<p>Los datos obtenidos ser\u00e1n \u00fanicamente tratados para el fin por el cual se obtienen, respetando los principios de confidencialidad, calidad y proporcionalidad. Dichos datos ser\u00e1n siempre pertinentes, adecuados y no excesivos.<\/p>\n<p>PLATAFORMA DE ORGANIZACIONES DE PACIENTES, informa y garantiza expresamente a los usuarios que sus datos personales no ser\u00e1n cedidos en ning\u00fan caso a terceras compa\u00f1\u00edas ajenas a la prestaci\u00f3n del servicio y que siempre que fuera a realizarse alg\u00fan tipo de cesi\u00f3n de datos personales, de forma previa, se solicitar\u00eda el consentimiento expreso, informado, e inequ\u00edvoco por parte de los titulares.<\/p>\n<p>La finalidad y uso previsto tanto de los datos en s\u00ed mismos como de su tratamiento, es la participaci\u00f3n en los Premios POP con una candidatura, el consecuente registro de la candidatura y la posterior comunicaci\u00f3n con las mismas que sea necesaria para el fin descrito.<\/p>\n<p>&nbsp;<\/p>\n<h2><strong>Las categor\u00edas de datos que se tratan son:<\/strong><\/h2>\n<p>Datos de identificaci\u00f3n (de la organizaci\u00f3n candidata y de la persona responsable de la candidatura), direcci\u00f3n postal, correo electr\u00f3nico y tel\u00e9fono del responsable de la candidatura.<\/p>\n<p>&nbsp;<\/p>\n<h2><strong>\u00bfCu\u00e1les son sus derechos cuando nos facilita sus datos? <\/strong><\/h2>\n<p>Cualquier persona tiene derecho a obtener confirmaci\u00f3n sobre si estamos tratando datos personales que les conciernan, o no.<\/p>\n<p>Las personas interesadas tienen derecho a acceder a sus datos personales, as\u00ed como a solicitar la rectificaci\u00f3n de los datos inexactos o, en su caso, solicitar su supresi\u00f3n cuando, entre otros motivos, los datos ya no sean necesarios para los fines que fueron recogidos.<\/p>\n<p>En determinadas circunstancias, los interesados podr\u00e1n solicitar la limitaci\u00f3n del tratamiento de sus datos, en cuyo caso \u00fanicamente los conservaremos para el ejercicio o la defensa de reclamaciones.<\/p>\n<p>En determinadas circunstancias y por motivos relacionados con su situaci\u00f3n particular, los interesados podr\u00e1n oponerse al tratamiento de sus datos. En ese caso dejaremos de tratar los datos, salvo por motivos leg\u00edtimos imperiosos, o el ejercicio o la defensa de posibles reclamaciones.<\/p>\n<p>Para ello podr\u00e1 enviar un email a: <strong>info@plataformadepacientes.org<\/strong> o dirigir un escrito a PLATAFORMA DE ORGANIZACIONES DE PACIENTES.\u00a0 C\/ Pamplona, 32. Bajo de Madrid 28039 (Madrid).<\/p>\n<p>Le informamos tambi\u00e9n del derecho a tutela de la autoridad de protecci\u00f3n de datos, <a href=\"http:\/\/www.agpd.es\">www.agpd.es<\/a>.<\/p>\n<p>Del mismo modo, el prestador ha adoptado todas las medidas t\u00e9cnicas y de organizaci\u00f3n necesarias para garantizar la seguridad e integridad de los datos de car\u00e1cter personal que trate, as\u00ed como para evitar su p\u00e9rdida, alteraci\u00f3n y\/o acceso por parte de terceros no autorizados.<\/p>\n<p>[\/et_pb_text][\/et_pb_column][\/et_pb_row][\/et_pb_section]<\/p>\n","protected":false},"excerpt":{"rendered":"<p>Pol\u00edtica de privacidadDe acuerdo con lo establecido en la Ley Org\u00e1nica 3\/2018, de 5 de diciembre, de Protecci\u00f3n de Datos Personales y garant\u00eda de los derechos digitales LOPDGDD y su Reglamento de desarrollo (RGPD) (UE) 2016\/679, le informamos de los siguiente: &nbsp; \u00bfQui\u00e9n es el responsable del tratamiento de sus datos? Su Denominaci\u00f3n Social es: [&hellip;]<\/p>\n","protected":false},"author":1,"featured_media":0,"parent":0,"menu_order":100,"comment_status":"closed","ping_status":"closed","template":"","meta":{"_et_pb_use_builder":"on","_et_pb_old_content":"","_et_gb_content_width":"","footnotes":""},"class_list":["post-64","page","type-page","status-publish","hentry"],"yoast_head":"<!-- This site is optimized with the Yoast SEO plugin v22.4 - https:\/\/yoast.com\/wordpress\/plugins\/seo\/ -->\n<title>Pol\u00edtica de privacidad - Premios POP<\/title>\n<meta name=\"robots\" content=\"index, follow, max-snippet:-1, max-image-preview:large, max-video-preview:-1\" \/>\n<link rel=\"canonical\" href=\"https:\/\/www.plataformadepacientes.org\/PremiosPOP\/politica-de-privacidad\/\" \/>\n<meta property=\"og:locale\" content=\"es_ES\" \/>\n<meta property=\"og:type\" content=\"article\" \/>\n<meta property=\"og:title\" content=\"Pol\u00edtica de privacidad - Premios POP\" \/>\n<meta property=\"og:description\" content=\"Pol\u00edtica de privacidadDe acuerdo con lo establecido en la Ley Org\u00e1nica 3\/2018, de 5 de diciembre, de Protecci\u00f3n de Datos Personales y garant\u00eda de los derechos digitales LOPDGDD y su Reglamento de desarrollo (RGPD) (UE) 2016\/679, le informamos de los siguiente: &nbsp; \u00bfQui\u00e9n es el responsable del tratamiento de sus datos? Su Denominaci\u00f3n Social es: [&hellip;]\" \/>\n<meta property=\"og:url\" content=\"https:\/\/www.plataformadepacientes.org\/PremiosPOP\/politica-de-privacidad\/\" \/>\n<meta property=\"og:site_name\" content=\"Premios POP\" \/>\n<meta property=\"article:modified_time\" content=\"2023-04-18T09:23:56+00:00\" \/>\n<meta name=\"twitter:card\" content=\"summary_large_image\" \/>\n<script type=\"application\/ld+json\" class=\"yoast-schema-graph\">{\"@context\":\"https:\/\/schema.org\",\"@graph\":[{\"@type\":\"WebPage\",\"@id\":\"https:\/\/www.plataformadepacientes.org\/PremiosPOP\/politica-de-privacidad\/\",\"url\":\"https:\/\/www.plataformadepacientes.org\/PremiosPOP\/politica-de-privacidad\/\",\"name\":\"Pol\u00edtica de privacidad - Premios POP\",\"isPartOf\":{\"@id\":\"https:\/\/www.plataformadepacientes.org\/PremiosPOP\/#website\"},\"datePublished\":\"2022-04-26T13:24:17+00:00\",\"dateModified\":\"2023-04-18T09:23:56+00:00\",\"breadcrumb\":{\"@id\":\"https:\/\/www.plataformadepacientes.org\/PremiosPOP\/politica-de-privacidad\/#breadcrumb\"},\"inLanguage\":\"es\",\"potentialAction\":[{\"@type\":\"ReadAction\",\"target\":[\"https:\/\/www.plataformadepacientes.org\/PremiosPOP\/politica-de-privacidad\/\"]}]},{\"@type\":\"BreadcrumbList\",\"@id\":\"https:\/\/www.plataformadepacientes.org\/PremiosPOP\/politica-de-privacidad\/#breadcrumb\",\"itemListElement\":[{\"@type\":\"ListItem\",\"position\":1,\"name\":\"Portada\",\"item\":\"https:\/\/www.plataformadepacientes.org\/PremiosPOP\/\"},{\"@type\":\"ListItem\",\"position\":2,\"name\":\"Pol\u00edtica de privacidad\"}]},{\"@type\":\"WebSite\",\"@id\":\"https:\/\/www.plataformadepacientes.org\/PremiosPOP\/#website\",\"url\":\"https:\/\/www.plataformadepacientes.org\/PremiosPOP\/\",\"name\":\"Premios POP\",\"description\":\"Los premios a las mejores iniciativas de participaci\u00f3n de los pacientes impulsadas por las organizaciones sanitarias en nuestro pa\u00eds.\",\"potentialAction\":[{\"@type\":\"SearchAction\",\"target\":{\"@type\":\"EntryPoint\",\"urlTemplate\":\"https:\/\/www.plataformadepacientes.org\/PremiosPOP\/?s={search_term_string}\"},\"query-input\":\"required name=search_term_string\"}],\"inLanguage\":\"es\"}]}<\/script>\n<!-- \/ Yoast SEO plugin. -->","yoast_head_json":{"title":"Pol\u00edtica de privacidad - Premios POP","robots":{"index":"index","follow":"follow","max-snippet":"max-snippet:-1","max-image-preview":"max-image-preview:large","max-video-preview":"max-video-preview:-1"},"canonical":"https:\/\/www.plataformadepacientes.org\/PremiosPOP\/politica-de-privacidad\/","og_locale":"es_ES","og_type":"article","og_title":"Pol\u00edtica de privacidad - Premios POP","og_description":"Pol\u00edtica de privacidadDe acuerdo con lo establecido en la Ley Org\u00e1nica 3\/2018, de 5 de diciembre, de Protecci\u00f3n de Datos Personales y garant\u00eda de los derechos digitales LOPDGDD y su Reglamento de desarrollo (RGPD) (UE) 2016\/679, le informamos de los siguiente: &nbsp; \u00bfQui\u00e9n es el responsable del tratamiento de sus datos? Su Denominaci\u00f3n Social es: [&hellip;]","og_url":"https:\/\/www.plataformadepacientes.org\/PremiosPOP\/politica-de-privacidad\/","og_site_name":"Premios POP","article_modified_time":"2023-04-18T09:23:56+00:00","twitter_card":"summary_large_image","schema":{"@context":"https:\/\/schema.org","@graph":[{"@type":"WebPage","@id":"https:\/\/www.plataformadepacientes.org\/PremiosPOP\/politica-de-privacidad\/","url":"https:\/\/www.plataformadepacientes.org\/PremiosPOP\/politica-de-privacidad\/","name":"Pol\u00edtica de privacidad - Premios POP","isPartOf":{"@id":"https:\/\/www.plataformadepacientes.org\/PremiosPOP\/#website"},"datePublished":"2022-04-26T13:24:17+00:00","dateModified":"2023-04-18T09:23:56+00:00","breadcrumb":{"@id":"https:\/\/www.plataformadepacientes.org\/PremiosPOP\/politica-de-privacidad\/#breadcrumb"},"inLanguage":"es","potentialAction":[{"@type":"ReadAction","target":["https:\/\/www.plataformadepacientes.org\/PremiosPOP\/politica-de-privacidad\/"]}]},{"@type":"BreadcrumbList","@id":"https:\/\/www.plataformadepacientes.org\/PremiosPOP\/politica-de-privacidad\/#breadcrumb","itemListElement":[{"@type":"ListItem","position":1,"name":"Portada","item":"https:\/\/www.plataformadepacientes.org\/PremiosPOP\/"},{"@type":"ListItem","position":2,"name":"Pol\u00edtica de privacidad"}]},{"@type":"WebSite","@id":"https:\/\/www.plataformadepacientes.org\/PremiosPOP\/#website","url":"https:\/\/www.plataformadepacientes.org\/PremiosPOP\/","name":"Premios POP","description":"Los premios a las mejores iniciativas de participaci\u00f3n de los pacientes impulsadas por las organizaciones sanitarias en nuestro pa\u00eds.","potentialAction":[{"@type":"SearchAction","target":{"@type":"EntryPoint","urlTemplate":"https:\/\/www.plataformadepacientes.org\/PremiosPOP\/?s={search_term_string}"},"query-input":"required name=search_term_string"}],"inLanguage":"es"}]}},"_links":{"self":[{"href":"https:\/\/www.plataformadepacientes.org\/PremiosPOP\/wp-json\/wp\/v2\/pages\/64","targetHints":{"allow":["GET"]}}],"collection":[{"href":"https:\/\/www.plataformadepacientes.org\/PremiosPOP\/wp-json\/wp\/v2\/pages"}],"about":[{"href":"https:\/\/www.plataformadepacientes.org\/PremiosPOP\/wp-json\/wp\/v2\/types\/page"}],"author":[{"embeddable":true,"href":"https:\/\/www.plataformadepacientes.org\/PremiosPOP\/wp-json\/wp\/v2\/users\/1"}],"replies":[{"embeddable":true,"href":"https:\/\/www.plataformadepacientes.org\/PremiosPOP\/wp-json\/wp\/v2\/comments?post=64"}],"version-history":[{"count":3,"href":"https:\/\/www.plataformadepacientes.org\/PremiosPOP\/wp-json\/wp\/v2\/pages\/64\/revisions"}],"predecessor-version":[{"id":136,"href":"https:\/\/www.plataformadepacientes.org\/PremiosPOP\/wp-json\/wp\/v2\/pages\/64\/revisions\/136"}],"wp:attachment":[{"href":"https:\/\/www.plataformadepacientes.org\/PremiosPOP\/wp-json\/wp\/v2\/media?parent=64"}],"curies":[{"name":"wp","href":"https:\/\/api.w.org\/{rel}","templated":true}]}}